{"id":966,"date":"2017-07-07T08:24:48","date_gmt":"2017-07-07T08:24:48","guid":{"rendered":"https:\/\/encuestadefoe-spin.com\/?page_id=966"},"modified":"2017-12-13T12:43:21","modified_gmt":"2017-12-13T18:43:21","slug":"contacto","status":"publish","type":"page","link":"https:\/\/encuestadefoe-spin.com\/en\/contacto\/","title":{"rendered":"CONTACT"},"content":{"rendered":"<section class=\"wpb-content-wrapper\"><p>[vc_section el_class=&#8221;bt-address-section3&#8243; css=&#8221;.vc_custom_1510600635207{margin-top: -80px !important;padding-bottom: 60px !important;background-color: #f9f9f9 !important;}&#8221;][vc_row row_container=&#8221;true&#8221;][vc_column][vc_single_image image=&#8221;2385&#8243; img_size=&#8221;medium&#8221; alignment=&#8221;center&#8221;][bt_google_map3 address=&#8221;Av Nuevo Le\u00f3n 192, Hip\u00f3dromo, 06100 Ciudad de M\u00e9xico, CDMX&#8221; height=&#8221;480px&#8221; css_animation=&#8221;fadeInUp&#8221; infoclick=&#8221;1&#8243; markercoordinate=&#8221;19.4061392,-99.17158510000002&#8243; markertitle=&#8221;SPIN-Taller de Comunicaci\u00f3n Pol\u00edtica&#8221; markerdesc=&#8221;Nuevo Le\u00f3n 192-7<br \/>\nColonia Hip\u00f3dromo Condesa<br \/>\nC.P. 06100&#8243; markericon=&#8221;995&#8243; style=&#8221;Pale-Dawn&#8221; style_template=&#8221;`{`{&#8220;featureType&#8220;:&#8220;landscape&#8220;,&#8220;stylers&#8220;:`{`{&#8220;saturation&#8220;:-100},{&#8220;lightness&#8220;:65},{&#8220;visibility&#8220;:&#8220;on&#8220;}`}`},{&#8220;featureType&#8220;:&#8220;poi&#8220;,&#8220;stylers&#8220;:`{`{&#8220;saturation&#8220;:-100},{&#8220;lightness&#8220;:51},{&#8220;visibility&#8220;:&#8220;simplified&#8220;}`}`},{&#8220;featureType&#8220;:&#8220;road.highway&#8220;,&#8220;stylers&#8220;:`{`{&#8220;saturation&#8220;:-100},{&#8220;visibility&#8220;:&#8220;simplified&#8220;}`}`},{&#8220;featureType&#8220;:&#8220;road.arterial&#8220;,&#8220;stylers&#8220;:`{`{&#8220;saturation&#8220;:-100},{&#8220;lightness&#8220;:30},{&#8220;visibility&#8220;:&#8220;on&#8220;}`}`},{&#8220;featureType&#8220;:&#8220;road.local&#8220;,&#8220;stylers&#8220;:`{`{&#8220;saturation&#8220;:-100},{&#8220;lightness&#8220;:40},{&#8220;visibility&#8220;:&#8220;on&#8220;}`}`},{&#8220;featureType&#8220;:&#8220;transit&#8220;,&#8220;stylers&#8220;:`{`{&#8220;saturation&#8220;:-100},{&#8220;visibility&#8220;:&#8220;simplified&#8220;}`}`},{&#8220;featureType&#8220;:&#8220;administrative.province&#8220;,&#8220;stylers&#8220;:`{`{&#8220;visibility&#8220;:&#8220;off&#8220;}`}`},{&#8220;featureType&#8220;:&#8220;water&#8220;,&#8220;elementType&#8220;:&#8220;labels&#8220;,&#8220;stylers&#8220;:`{`{&#8220;visibility&#8220;:&#8220;on&#8220;},{&#8220;lightness&#8220;:-25},{&#8220;saturation&#8220;:-100}`}`},{&#8220;featureType&#8220;:&#8220;water&#8220;,&#8220;elementType&#8220;:&#8220;geometry&#8220;,&#8220;stylers&#8220;:`{`{&#8220;hue&#8220;:&#8220;#ffff00&#8220;},{&#8220;lightness&#8220;:-25},{&#8220;saturation&#8220;:-97}`}`}`}`&#8221;][vc_empty_space height=&#8221;50px&#8221;][\/vc_column][\/vc_row][vc_row row_container=&#8221;true&#8221;][vc_column width=&#8221;1\/3&#8243;][bt_fancy_box align=&#8221;text-center&#8221; css_animation=&#8221;flipInY&#8221; font_icon=&#8221;flaticon-home&#8221; title=&#8221;Address:&#8221;]<\/p>\n<div>C\u00f3rdoba 95 &#8211; 301<\/div>\n<div>Colonia Roma Norte<br \/>\nC.P. 06700,<\/div>\n<div>Ciudad de M\u00e9xico<\/div>\n<p>[\/bt_fancy_box][\/vc_column][vc_column width=&#8221;1\/3&#8243;][bt_fancy_box align=&#8221;text-center&#8221; css_animation=&#8221;flipInY&#8221; font_icon=&#8221;flaticon-phone-call&#8221; title=&#8221;Telephone:&#8221;]56627764[\/bt_fancy_box][\/vc_column][vc_column width=&#8221;1\/3&#8243;][bt_fancy_box align=&#8221;text-center&#8221; css_animation=&#8221;flipInY&#8221; font_icon=&#8221;flaticon-mail&#8221; title=&#8221;E-mail&#8221; link=&#8221;url:http%3A%2F%2Fwww.spintcp.com%2F|title:Web%20Page%20Spin%20TCP||&#8221;]<a href=\"mailto:contacto@spintcp.com\" target=\"_blank\" rel=\"noopener noreferrer\">contacto@spintcp.com<\/a><br \/>\n<a href=\"mailto:lestrada@spintcp.com\" target=\"_blank\" rel=\"noopener noreferrer\">lestrada@spintcp.com<\/a>[\/bt_fancy_box][\/vc_column][\/vc_row][vc_row][vc_column][vc_empty_space height=&#8221;120px&#8221;][\/vc_column][\/vc_row][vc_row row_container=&#8221;true&#8221;][vc_column][vc_single_image image=&#8221;2434&#8243; img_size=&#8221;medium&#8221; alignment=&#8221;center&#8221;][bt_google_map3 address=&#8221;Av. Paseo de las Palmas 980 Lomas de Chapultepec V Secc 11000 Ciudad de M\u00e9xico, CDMX&#8221; height=&#8221;480px&#8221; css_animation=&#8221;fadeInUp&#8221; infoclick=&#8221;1&#8243; markercoordinate=&#8221;19.4264969,-99.22088120000001&#8243; markertitle=&#8221;Defoe, Experts on Social Reporting&#8221; markerdesc=&#8221;Avenida Paseo de las Palmas 980<br \/>\nColonia Lomas de Chapultepec<br \/>\nC.P. 11000&#8243; markericon=&#8221;995&#8243; style=&#8221;Pale-Dawn&#8221; style_template=&#8221;`{`{&#8220;featureType&#8220;:&#8220;landscape&#8220;,&#8220;stylers&#8220;:`{`{&#8220;saturation&#8220;:-100},{&#8220;lightness&#8220;:65},{&#8220;visibility&#8220;:&#8220;on&#8220;}`}`},{&#8220;featureType&#8220;:&#8220;poi&#8220;,&#8220;stylers&#8220;:`{`{&#8220;saturation&#8220;:-100},{&#8220;lightness&#8220;:51},{&#8220;visibility&#8220;:&#8220;simplified&#8220;}`}`},{&#8220;featureType&#8220;:&#8220;road.highway&#8220;,&#8220;stylers&#8220;:`{`{&#8220;saturation&#8220;:-100},{&#8220;visibility&#8220;:&#8220;simplified&#8220;}`}`},{&#8220;featureType&#8220;:&#8220;road.arterial&#8220;,&#8220;stylers&#8220;:`{`{&#8220;saturation&#8220;:-100},{&#8220;lightness&#8220;:30},{&#8220;visibility&#8220;:&#8220;on&#8220;}`}`},{&#8220;featureType&#8220;:&#8220;road.local&#8220;,&#8220;stylers&#8220;:`{`{&#8220;saturation&#8220;:-100},{&#8220;lightness&#8220;:40},{&#8220;visibility&#8220;:&#8220;on&#8220;}`}`},{&#8220;featureType&#8220;:&#8220;transit&#8220;,&#8220;stylers&#8220;:`{`{&#8220;saturation&#8220;:-100},{&#8220;visibility&#8220;:&#8220;simplified&#8220;}`}`},{&#8220;featureType&#8220;:&#8220;administrative.province&#8220;,&#8220;stylers&#8220;:`{`{&#8220;visibility&#8220;:&#8220;off&#8220;}`}`},{&#8220;featureType&#8220;:&#8220;water&#8220;,&#8220;elementType&#8220;:&#8220;labels&#8220;,&#8220;stylers&#8220;:`{`{&#8220;visibility&#8220;:&#8220;on&#8220;},{&#8220;lightness&#8220;:-25},{&#8220;saturation&#8220;:-100}`}`},{&#8220;featureType&#8220;:&#8220;water&#8220;,&#8220;elementType&#8220;:&#8220;geometry&#8220;,&#8220;stylers&#8220;:`{`{&#8220;hue&#8220;:&#8220;#ffff00&#8220;},{&#8220;lightness&#8220;:-25},{&#8220;saturation&#8220;:-97}`}`}`}`&#8221;][vc_empty_space height=&#8221;50px&#8221;][\/vc_column][\/vc_row][vc_row row_container=&#8221;true&#8221;][vc_column width=&#8221;1\/2&#8243;][bt_fancy_box align=&#8221;text-center&#8221; css_animation=&#8221;flipInY&#8221; font_icon=&#8221;flaticon-home&#8221; title=&#8221;Address:&#8221;]<\/p>\n<div>Avenida Paseo de las Palmas 980<\/div>\n<div>Colonia\u00a0Lomas de Chapultepec<\/div>\n<div>C.P.\u00a011000<\/div>\n<div>Ciudad de M\u00e9xico<\/div>\n<p>[\/bt_fancy_box][\/vc_column][vc_column width=&#8221;1\/2&#8243;][bt_fancy_box align=&#8221;text-center&#8221; css_animation=&#8221;flipInY&#8221; font_icon=&#8221;flaticon-mail&#8221; title=&#8221;E-mail&#8221; link=&#8221;url:http%3A%2F%2Fdefoe.mx|title:Web%20Page%20Defoe||&#8221;]<a href=\"mailto:ynares@gmail.com\" target=\"_blank\" rel=\"noopener noreferrer\">ynares@gmail.com<\/a>[\/bt_fancy_box][\/vc_column][\/vc_row][\/vc_section]<\/p>\n<\/section>","protected":false},"excerpt":{"rendered":"<p>[vc_section el_class=&#8221;bt-address-section3&#8243; css=&#8221;.vc_custom_1510600635207{margin-top: -80px !important;padding-bottom: 60px !important;background-color: #f9f9f9 !important;}&#8221;][vc_row row_container=&#8221;true&#8221;][vc_column][vc_single_image image=&#8221;2385&#8243; img_size=&#8221;medium&#8221; alignment=&#8221;center&#8221;][bt_google_map3 address=&#8221;Av Nuevo Le\u00f3n 192, Hip\u00f3dromo, 06100 Ciudad de M\u00e9xico, CDMX&#8221; height=&#8221;480px&#8221; css_animation=&#8221;fadeInUp&#8221; infoclick=&#8221;1&#8243; markercoordinate=&#8221;19.4061392,-99.17158510000002&#8243; markertitle=&#8221;SPIN-Taller de Comunicaci\u00f3n Pol\u00edtica&#8221; markerdesc=&#8221;Nuevo Le\u00f3n 192-7 Colonia Hip\u00f3dromo Condesa C.P. 06100&#8243; markericon=&#8221;995&#8243; style=&#8221;Pale-Dawn&#8221; style_template=&#8221;`{`{&#8220;featureType&#8220;:&#8220;landscape&#8220;,&#8220;stylers&#8220;:`{`{&#8220;saturation&#8220;:-100},{&#8220;lightness&#8220;:65},{&#8220;visibility&#8220;:&#8220;on&#8220;}`}`},{&#8220;featureType&#8220;:&#8220;poi&#8220;,&#8220;stylers&#8220;:`{`{&#8220;saturation&#8220;:-100},{&#8220;lightness&#8220;:51},{&#8220;visibility&#8220;:&#8220;simplified&#8220;}`}`},{&#8220;featureType&#8220;:&#8220;road.highway&#8220;,&#8220;stylers&#8220;:`{`{&#8220;saturation&#8220;:-100},{&#8220;visibility&#8220;:&#8220;simplified&#8220;}`}`},{&#8220;featureType&#8220;:&#8220;road.arterial&#8220;,&#8220;stylers&#8220;:`{`{&#8220;saturation&#8220;:-100},{&#8220;lightness&#8220;:30},{&#8220;visibility&#8220;:&#8220;on&#8220;}`}`},{&#8220;featureType&#8220;:&#8220;road.local&#8220;,&#8220;stylers&#8220;:`{`{&#8220;saturation&#8220;:-100},{&#8220;lightness&#8220;:40},{&#8220;visibility&#8220;:&#8220;on&#8220;}`}`},{&#8220;featureType&#8220;:&#8220;transit&#8220;,&#8220;stylers&#8220;:`{`{&#8220;saturation&#8220;:-100},{&#8220;visibility&#8220;:&#8220;simplified&#8220;}`}`},{&#8220;featureType&#8220;:&#8220;administrative.province&#8220;,&#8220;stylers&#8220;:`{`{&#8220;visibility&#8220;:&#8220;off&#8220;}`}`},{&#8220;featureType&#8220;:&#8220;water&#8220;,&#8220;elementType&#8220;:&#8220;labels&#8220;,&#8220;stylers&#8220;:`{`{&#8220;visibility&#8220;:&#8220;on&#8220;},{&#8220;lightness&#8220;:-25},{&#8220;saturation&#8220;:-100}`}`},{&#8220;featureType&#8220;:&#8220;water&#8220;,&#8220;elementType&#8220;:&#8220;geometry&#8220;,&#8220;stylers&#8220;:`{`{&#8220;hue&#8220;:&#8220;#ffff00&#8220;},{&#8220;lightness&#8220;:-25},{&#8220;saturation&#8220;:-97}`}`}`}`&#8221;][vc_empty_space height=&#8221;50px&#8221;][\/vc_column][\/vc_row][vc_row row_container=&#8221;true&#8221;][vc_column width=&#8221;1\/3&#8243;][bt_fancy_box align=&#8221;text-center&#8221; css_animation=&#8221;flipInY&#8221; font_icon=&#8221;flaticon-home&#8221; title=&#8221;Address:&#8221;] C\u00f3rdoba 95 &#8211; 301 Colonia Roma [&hellip;]<\/p>\n","protected":false},"author":1,"featured_media":0,"parent":0,"menu_order":0,"comment_status":"closed","ping_status":"closed","template":"page-nocontainer.php","meta":{"footnotes":""},"class_list":["post-966","page","type-page","status-publish","hentry"],"_links":{"self":[{"href":"https:\/\/encuestadefoe-spin.com\/en\/wp-json\/wp\/v2\/pages\/966","targetHints":{"allow":["GET"]}}],"collection":[{"href":"https:\/\/encuestadefoe-spin.com\/en\/wp-json\/wp\/v2\/pages"}],"about":[{"href":"https:\/\/encuestadefoe-spin.com\/en\/wp-json\/wp\/v2\/types\/page"}],"author":[{"embeddable":true,"href":"https:\/\/encuestadefoe-spin.com\/en\/wp-json\/wp\/v2\/users\/1"}],"replies":[{"embeddable":true,"href":"https:\/\/encuestadefoe-spin.com\/en\/wp-json\/wp\/v2\/comments?post=966"}],"version-history":[{"count":91,"href":"https:\/\/encuestadefoe-spin.com\/en\/wp-json\/wp\/v2\/pages\/966\/revisions"}],"predecessor-version":[{"id":2689,"href":"https:\/\/encuestadefoe-spin.com\/en\/wp-json\/wp\/v2\/pages\/966\/revisions\/2689"}],"wp:attachment":[{"href":"https:\/\/encuestadefoe-spin.com\/en\/wp-json\/wp\/v2\/media?parent=966"}],"curies":[{"name":"wp","href":"https:\/\/api.w.org\/{rel}","templated":true}]}}